{"id":102,"date":"2025-01-06T19:44:12","date_gmt":"2025-01-06T16:44:12","guid":{"rendered":"https:\/\/khorzene.com\/index.php\/about\/"},"modified":"2025-01-06T19:44:12","modified_gmt":"2025-01-06T16:44:12","slug":"about","status":"publish","type":"page","link":"https:\/\/khorzene.com\/index.php\/about\/","title":{"rendered":"About"},"content":{"rendered":"\n<div class=\"wp-block-uagb-container uagb-block-90030810 alignfull uagb-is-root-container\"><div class=\"uagb-container-inner-blocks-wrap\">\n<div class=\"wp-block-uagb-advanced-heading uagb-block-eb69cfac\"><h1 class=\"uagb-heading-text\">Khorzene Hakk\u0131nda<\/h1><\/div>\n<\/div><\/div>\n\n\n\n<div class=\"wp-block-uagb-container uagb-block-8595fcf5 alignfull uagb-is-root-container\"><div class=\"uagb-container-inner-blocks-wrap\">\n<div class=\"wp-block-uagb-advanced-heading uagb-block-a1318768\"><h2 class=\"uagb-heading-text\">Uygun Fiyat, Y\u00fcksek Kalite<\/h2><\/div>\n\n\n\n<div class=\"wp-block-uagb-container uagb-block-10015650 default uagb-is-root-container\">\n<div class=\"wp-block-uagb-container uagb-block-1e62bf29\">\n<div class=\"wp-block-uagb-image alignleft uagb-block-d89abefd wp-block-uagb-image--layout-default wp-block-uagb-image--effect-static wp-block-uagb-image--align-left\"><figure class=\"wp-block-uagb-image__figure\"><img loading=\"lazy\" decoding=\"async\" srcset=\"https:\/\/ecommerce.ziptemplates.top\/wp-content\/uploads\/2023\/08\/about-01.jpg ,https:\/\/ecommerce.ziptemplates.top\/wp-content\/uploads\/2023\/08\/about-01.jpg 780w, https:\/\/ecommerce.ziptemplates.top\/wp-content\/uploads\/2023\/08\/about-01.jpg 360w\" sizes=\"auto, (max-width: 480px) 150px\" src=\"https:\/\/ecommerce.ziptemplates.top\/wp-content\/uploads\/2023\/08\/about-01.jpg\" alt=\"\" class=\"uag-image-46\" width=\"360\" height=\"440\" title=\"\" loading=\"lazy\" role=\"img\"\/><\/figure><\/div>\n<\/div>\n\n\n\n<div class=\"wp-block-uagb-container uagb-block-0d580909\">\n<div class=\"wp-block-uagb-image alignright uagb-block-4099a102 wp-block-uagb-image--layout-default wp-block-uagb-image--effect-static wp-block-uagb-image--align-right\"><figure class=\"wp-block-uagb-image__figure\"><img loading=\"lazy\" decoding=\"async\" srcset=\"https:\/\/ecommerce.ziptemplates.top\/wp-content\/uploads\/2023\/08\/about-02.jpg ,https:\/\/ecommerce.ziptemplates.top\/wp-content\/uploads\/2023\/08\/about-02.jpg 780w, https:\/\/ecommerce.ziptemplates.top\/wp-content\/uploads\/2023\/08\/about-02.jpg 360w\" sizes=\"auto, (max-width: 480px) 150px\" src=\"https:\/\/ecommerce.ziptemplates.top\/wp-content\/uploads\/2023\/08\/about-02.jpg\" alt=\"\" class=\"uag-image-47\" width=\"800\" height=\"440\" title=\"\" loading=\"lazy\" role=\"img\"\/><\/figure><\/div>\n\n\n\n<div class=\"wp-block-uagb-advanced-heading uagb-block-ea0685d9\"><p class=\"uagb-heading-text\">Kurucumuz, spor tutkusunu kaliteli ve uygun fiyatl\u0131 g\u00f6zl\u00fcklerle birle\u015ftiren bir giri\u015fimcidir. Kars&#8217;tan yola \u00e7\u0131karak, spor g\u00f6zl\u00fc\u011f\u00fc pazar\u0131nda kendine sa\u011flam bir yer edinmi\u015ftir.<\/p><p class=\"uagb-desc-text\">Khorzene, spor g\u00f6zl\u00fc\u011f\u00fc alan\u0131nda 2015 y\u0131l\u0131ndan beri faaliyet g\u00f6stermektedir. Uzman ekibimiz, m\u00fc\u015fteri memnuniyetini \u00f6n planda tutarak her zaman en kaliteli \u00fcr\u00fcnleri sunmay\u0131 hedefliyor. Dayan\u0131kl\u0131l\u0131k ve \u015f\u0131kl\u0131\u011f\u0131 bir arada sunarak, spor tutkunlar\u0131n\u0131n ihtiya\u00e7lar\u0131n\u0131 kar\u015f\u0131lamak i\u00e7in \u00e7al\u0131\u015f\u0131yoruz.<\/p><\/div>\n<\/div>\n<\/div>\n<\/div><\/div>\n\n\n\n<div class=\"wp-block-uagb-container uagb-block-97da0e9c alignfull uagb-is-root-container\"><div class=\"uagb-container-inner-blocks-wrap\">\n<div class=\"wp-block-uagb-advanced-heading uagb-block-29d512d7\"><h2 class=\"uagb-heading-text\">Kurucumuzla Tan\u0131\u015f\u0131n<\/h2><p class=\"uagb-desc-text\">Khorzene\u2019nin kurucusu Ahmet Y\u0131lmaz, spor end\u00fcstrisinde 10 y\u0131ll\u0131k deneyime sahiptir. E\u011fitimini spor bilimleri alan\u0131nda tamamlayarak, sekt\u00f6rdeki geli\u015fmeleri yak\u0131ndan takip etmi\u015ftir.<br><br>Ahmet, Kars\u2019ta do\u011fup b\u00fcy\u00fcyerek do\u011fayla i\u00e7 i\u00e7e bir ya\u015fam s\u00fcrm\u00fc\u015ft\u00fcr. Spor g\u00f6zl\u00fc\u011f\u00fc ihtiyac\u0131n\u0131n giderek artt\u0131\u011f\u0131n\u0131 g\u00f6zlemledikten sonra, bu alanda uygun fiyatl\u0131 ve kaliteli \u00fcr\u00fcnler sunma karar\u0131 alarak Khorzene\u2019yi kurmu\u015ftur.<\/p><\/div>\n\n\n\n<div class=\"wp-block-uagb-image alignright uagb-block-2b7fcaa8 wp-block-uagb-image--layout-default wp-block-uagb-image--effect-static wp-block-uagb-image--align-right\"><figure class=\"wp-block-uagb-image__figure\"><img loading=\"lazy\" decoding=\"async\" srcset=\"https:\/\/ecommerce.ziptemplates.top\/wp-content\/uploads\/2023\/08\/founder-skip-01.jpg ,https:\/\/ecommerce.ziptemplates.top\/wp-content\/uploads\/2023\/08\/founder-skip-01.jpg 780w, https:\/\/ecommerce.ziptemplates.top\/wp-content\/uploads\/2023\/08\/founder-skip-01.jpg 360w\" sizes=\"auto, (max-width: 480px) 150px\" src=\"https:\/\/ecommerce.ziptemplates.top\/wp-content\/uploads\/2023\/08\/founder-skip-01.jpg\" alt=\"\" class=\"uag-image-53\" width=\"544\" height=\"500\" title=\"\" loading=\"lazy\" role=\"img\"\/><\/figure><\/div>\n<\/div><\/div>\n\n\n\n<div class=\"wp-block-uagb-container uagb-block-a8023e04 alignfull uagb-is-root-container\"><div class=\"uagb-container-inner-blocks-wrap\">\n<div class=\"wp-block-uagb-info-box uagb-block-51faea92 uagb-infobox__content-wrap  uagb-infobox-icon-above-title uagb-infobox-image-valign-top\"><div class=\"uagb-ifb-content\"><div class=\"uagb-ifb-title-wrap\"><h2 class=\"uagb-ifb-title\">\u015eimdi Al\u0131\u015fveri\u015fe Ba\u015fla<\/h2><\/div><p class=\"uagb-ifb-desc\">Kaliteli spor g\u00f6zl\u00fckleriyle deneyiminizi en \u00fcst seviyeye \u00e7\u0131kar\u0131n. Hayalinizdeki \u00fcr\u00fcnleri hemen ke\u015ffedin!<\/p><div class=\"uagb-ifb-button-wrapper wp-block-button\"><a href=\"\/shop\/\" class=\"uagb-infobox-cta-link wp-block-button__link\" target=\"_self\" rel=\"noopener noreferrer\" onclick=\"return true;\" alt=\"\"><span class=\"uagb-inline-editing\">Hemen Al\u0131\u015fveri\u015f Yap<\/span><\/a><\/div><\/div><\/div>\n<\/div><\/div>\n","protected":false},"excerpt":{"rendered":"<p>Khorzene Hakk\u0131nda Uygun Fiyat, Y\u00fcksek Kalite Kurucumuz, spor tutkusunu kaliteli ve uygun fiyatl\u0131 g\u00f6zl\u00fcklerle birle\u015ftiren bir giri\u015fimcidir. Kars&#8217;tan yola \u00e7\u0131karak, [&hellip;]<\/p>\n","protected":false},"author":1,"featured_media":0,"parent":0,"menu_order":0,"comment_status":"closed","ping_status":"closed","template":"","meta":{"_surecart_dashboard_logo_width":"180px","_surecart_dashboard_show_logo":true,"_surecart_dashboard_navigation_orders":true,"_surecart_dashboard_navigation_invoices":true,"_surecart_dashboard_navigation_subscriptions":true,"_surecart_dashboard_navigation_downloads":true,"_surecart_dashboard_navigation_billing":true,"_surecart_dashboard_navigation_account":true,"_uag_custom_page_level_css":"","_monsterinsights_skip_tracking":false,"_monsterinsights_sitenote_active":false,"_monsterinsights_sitenote_note":"","_monsterinsights_sitenote_category":0,"site-sidebar-layout":"no-sidebar","site-content-layout":"","ast-site-content-layout":"normal-width-container","site-content-style":"default","site-sidebar-style":"default","ast-global-header-display":"","ast-banner-title-visibility":"disabled","ast-main-header-display":"","ast-hfb-above-header-display":"","ast-hfb-below-header-display":"","ast-hfb-mobile-header-display":"","site-post-title":"","ast-breadcrumbs-content":"","ast-featured-img":"","footer-sml-layout":"","ast-disable-related-posts":"","theme-transparent-header-meta":"enabled","adv-header-id-meta":"","stick-header-meta":"","header-above-stick-meta":"","header-main-stick-meta":"","header-below-stick-meta":"","astra-migrate-meta-layouts":"default","ast-page-background-enabled":"default","ast-page-background-meta":{"desktop":{"background-color":"var(--ast-global-color-4)","background-image":"","background-repeat":"repeat","background-position":"center center","background-size":"auto","background-attachment":"scroll","background-type":"","background-media":"","overlay-type":"","overlay-color":"","overlay-opacity":"","overlay-gradient":""},"tablet":{"background-color":"","background-image":"","background-repeat":"repeat","background-position":"center center","background-size":"auto","background-attachment":"scroll","background-type":"","background-media":"","overlay-type":"","overlay-color":"","overlay-opacity":"","overlay-gradient":""},"mobile":{"background-color":"","background-image":"","background-repeat":"repeat","background-position":"center center","background-size":"auto","background-attachment":"scroll","background-type":"","background-media":"","overlay-type":"","overlay-color":"","overlay-opacity":"","overlay-gradient":""}},"ast-content-background-meta":{"desktop":{"background-color":"var(--ast-global-color-5)","background-image":"","background-repeat":"repeat","background-position":"center center","background-size":"auto","background-attachment":"scroll","background-type":"","background-media":"","overlay-type":"","overlay-color":"","overlay-opacity":"","overlay-gradient":""},"tablet":{"background-color":"var(--ast-global-color-5)","background-image":"","background-repeat":"repeat","background-position":"center center","background-size":"auto","background-attachment":"scroll","background-type":"","background-media":"","overlay-type":"","overlay-color":"","overlay-opacity":"","overlay-gradient":""},"mobile":{"background-color":"var(--ast-global-color-5)","background-image":"","background-repeat":"repeat","background-position":"center center","background-size":"auto","background-attachment":"scroll","background-type":"","background-media":"","overlay-type":"","overlay-color":"","overlay-opacity":"","overlay-gradient":""}},"footnotes":""},"class_list":["post-102","page","type-page","status-publish","hentry"],"aioseo_notices":[],"uagb_featured_image_src":{"full":false,"thumbnail":false,"medium":false,"medium_large":false,"large":false,"1536x1536":false,"2048x2048":false,"woocommerce_thumbnail":false,"woocommerce_single":false,"woocommerce_gallery_thumbnail":false},"uagb_author_info":{"display_name":"khorzene.com","author_link":"https:\/\/khorzene.com\/index.php\/author\/khorzene-com\/"},"uagb_comment_info":0,"uagb_excerpt":"Khorzene Hakk\u0131nda Uygun Fiyat, Y\u00fcksek Kalite Kurucumuz, spor tutkusunu kaliteli ve uygun fiyatl\u0131 g\u00f6zl\u00fcklerle birle\u015ftiren bir giri\u015fimcidir. Kars&#8217;tan yola \u00e7\u0131karak, [&hellip;]","_links":{"self":[{"href":"https:\/\/khorzene.com\/index.php\/wp-json\/wp\/v2\/pages\/102","targetHints":{"allow":["GET"]}}],"collection":[{"href":"https:\/\/khorzene.com\/index.php\/wp-json\/wp\/v2\/pages"}],"about":[{"href":"https:\/\/khorzene.com\/index.php\/wp-json\/wp\/v2\/types\/page"}],"author":[{"embeddable":true,"href":"https:\/\/khorzene.com\/index.php\/wp-json\/wp\/v2\/users\/1"}],"replies":[{"embeddable":true,"href":"https:\/\/khorzene.com\/index.php\/wp-json\/wp\/v2\/comments?post=102"}],"version-history":[{"count":0,"href":"https:\/\/khorzene.com\/index.php\/wp-json\/wp\/v2\/pages\/102\/revisions"}],"wp:attachment":[{"href":"https:\/\/khorzene.com\/index.php\/wp-json\/wp\/v2\/media?parent=102"}],"curies":[{"name":"wp","href":"https:\/\/api.w.org\/{rel}","templated":true}]}}